{"id":14388,"date":"2025-04-17T08:43:45","date_gmt":"2025-04-17T08:43:45","guid":{"rendered":"https:\/\/www.aymaclothing.com\/?post_type=product&#038;p=14388"},"modified":"2026-03-02T10:04:36","modified_gmt":"2026-03-02T10:04:36","slug":"duo-aviator-kniestrumpfe-kompression-brazil","status":"publish","type":"product","link":"https:\/\/www.aymaclothing.com\/de\/shop\/feinstrumpfhosen\/kompression\/duo-aviator-kniestrumpfe-kompression-brazil\/","title":{"rendered":"Duo | Aviator Kniestr\u00fcmpfe Kompression Brazil"},"content":{"rendered":"<ul>\n<li>30 denier<\/li>\n<li>84% recyceltes Polyamid, 16% Elastan<\/li>\n<\/ul>\n","protected":false},"excerpt":{"rendered":"<p class=\"\" data-start=\"332\" data-end=\"670\">Erlebe Komfort und Stil auf neuem Niveau: Unsere Aviator Kniestr\u00fcmpfe bieten mittelstarke, stufenweise Kompression zur F\u00f6rderung der Durchblutung und zur Vorbeugung von Erm\u00fcdung \u2013 ideal f\u00fcr Reisen, lange Arbeitstage oder stundenlanges Stehen. Die integrierte Massagesohle sorgt f\u00fcr sanfte Stimulation und ganzt\u00e4giges Wohlbefinden.<\/p>\n<p class=\"\" data-start=\"672\" data-end=\"826\">Mit Fokus auf Performance und zeitlose \u00c4sthetik entwickelt \u2013 f\u00fcr die Unterst\u00fctzung, die Deine Beine verdienen, und die Eleganz, die Deinen Look vollendet.<\/p>\n<p>Eigenschaften:<\/p>\n<p><img decoding=\"async\" class=\"alignnone size-medium wp-image-4183\" src=\"https:\/\/www.aymaclothing.com\/wp-content\/uploads\/2022\/05\/Icon-Aviator-EN-rev-1.png\" alt=\"\" width=\"300\" height=\"66\" \/><\/p>\n","protected":false},"featured_media":14392,"comment_status":"open","ping_status":"closed","template":"","meta":{"_acf_changed":false},"product_brand":[],"product_cat":[166,63,161,176,195],"product_tag":[115,132,88],"class_list":{"0":"post-14388","1":"product","2":"type-product","3":"status-publish","4":"has-post-thumbnail","6":"product_cat-alle","7":"product_cat-feinstrumpfhosen","8":"product_cat-kompression","9":"product_cat-sets","10":"product_cat-socken-2","11":"product_tag-bundles-de-3","12":"product_tag-sets-de-2","13":"product_tag-socken","15":"first","16":"instock","17":"sale","18":"shipping-taxable","19":"purchasable","20":"product-type-variable","21":"has-default-attributes"},"acf":[],"yoast_head":"<!-- This site is optimized with the Yoast SEO plugin v27.4 - https:\/\/yoast.com\/product\/yoast-seo-wordpress\/ -->\n<title>Duo | Aviator Kniestr\u00fcmpfe Kompression Brazil - AYMA Clothing<\/title>\n<meta name=\"robots\" content=\"index, follow, max-snippet:-1, max-image-preview:large, max-video-preview:-1\" \/>\n<link rel=\"canonical\" href=\"https:\/\/www.aymaclothing.com\/de\/shop\/feinstrumpfhosen\/kompression\/duo-aviator-kniestrumpfe-kompression-brazil\/\" \/>\n<meta property=\"og:locale\" content=\"de_DE\" \/>\n<meta property=\"og:type\" content=\"article\" \/>\n<meta property=\"og:title\" content=\"Duo | Aviator Kniestr\u00fcmpfe Kompression Brazil - AYMA Clothing\" \/>\n<meta property=\"og:description\" content=\"Erlebe Komfort und Stil auf neuem Niveau: Unsere Aviator Kniestr\u00fcmpfe bieten mittelstarke, stufenweise Kompression zur F\u00f6rderung der Durchblutung und zur Vorbeugung von Erm\u00fcdung \u2013 ideal f\u00fcr Reisen, lange Arbeitstage oder stundenlanges Stehen. Die integrierte Massagesohle sorgt f\u00fcr sanfte Stimulation und ganzt\u00e4giges Wohlbefinden. Mit Fokus auf Performance und zeitlose \u00c4sthetik entwickelt \u2013 f\u00fcr die Unterst\u00fctzung, die Deine Beine verdienen, und die Eleganz, die Deinen Look vollendet. Eigenschaften:\" \/>\n<meta property=\"og:url\" content=\"https:\/\/www.aymaclothing.com\/de\/shop\/feinstrumpfhosen\/kompression\/duo-aviator-kniestrumpfe-kompression-brazil\/\" \/>\n<meta property=\"og:site_name\" content=\"AYMA Clothing\" \/>\n<meta property=\"article:publisher\" content=\"https:\/\/www.facebook.com\/p\/AYMA-100064049288461\/\" \/>\n<meta property=\"article:modified_time\" content=\"2026-03-02T10:04:36+00:00\" \/>\n<meta property=\"og:image\" content=\"https:\/\/www.aymaclothing.com\/wp-content\/uploads\/2025\/04\/Knee-High-Socks-4-1.png\" \/>\n\t<meta property=\"og:image:width\" content=\"1000\" \/>\n\t<meta property=\"og:image:height\" content=\"1250\" \/>\n\t<meta property=\"og:image:type\" content=\"image\/png\" \/>\n<meta name=\"twitter:card\" content=\"summary_large_image\" \/>\n<meta name=\"twitter:label1\" content=\"Gesch\u00e4tzte Lesezeit\" \/>\n\t<meta name=\"twitter:data1\" content=\"1\u00a0Minute\" \/>\n<script type=\"application\/ld+json\" class=\"yoast-schema-graph\">{\"@context\":\"https:\\\/\\\/schema.org\",\"@graph\":[{\"@type\":\"WebPage\",\"@id\":\"https:\\\/\\\/www.aymaclothing.com\\\/de\\\/shop\\\/feinstrumpfhosen\\\/kompression\\\/duo-aviator-kniestrumpfe-kompression-brazil\\\/\",\"url\":\"https:\\\/\\\/www.aymaclothing.com\\\/de\\\/shop\\\/feinstrumpfhosen\\\/kompression\\\/duo-aviator-kniestrumpfe-kompression-brazil\\\/\",\"name\":\"Duo | Aviator Kniestr\u00fcmpfe Kompression Brazil - AYMA Clothing\",\"isPartOf\":{\"@id\":\"https:\\\/\\\/www.aymaclothing.com\\\/de\\\/#website\"},\"primaryImageOfPage\":{\"@id\":\"https:\\\/\\\/www.aymaclothing.com\\\/de\\\/shop\\\/feinstrumpfhosen\\\/kompression\\\/duo-aviator-kniestrumpfe-kompression-brazil\\\/#primaryimage\"},\"image\":{\"@id\":\"https:\\\/\\\/www.aymaclothing.com\\\/de\\\/shop\\\/feinstrumpfhosen\\\/kompression\\\/duo-aviator-kniestrumpfe-kompression-brazil\\\/#primaryimage\"},\"thumbnailUrl\":\"https:\\\/\\\/www.aymaclothing.com\\\/wp-content\\\/uploads\\\/2025\\\/04\\\/Knee-High-Socks-4-1.png\",\"datePublished\":\"2025-04-17T08:43:45+00:00\",\"dateModified\":\"2026-03-02T10:04:36+00:00\",\"breadcrumb\":{\"@id\":\"https:\\\/\\\/www.aymaclothing.com\\\/de\\\/shop\\\/feinstrumpfhosen\\\/kompression\\\/duo-aviator-kniestrumpfe-kompression-brazil\\\/#breadcrumb\"},\"inLanguage\":\"de\",\"potentialAction\":[{\"@type\":\"ReadAction\",\"target\":[\"https:\\\/\\\/www.aymaclothing.com\\\/de\\\/shop\\\/feinstrumpfhosen\\\/kompression\\\/duo-aviator-kniestrumpfe-kompression-brazil\\\/\"]}]},{\"@type\":\"ImageObject\",\"inLanguage\":\"de\",\"@id\":\"https:\\\/\\\/www.aymaclothing.com\\\/de\\\/shop\\\/feinstrumpfhosen\\\/kompression\\\/duo-aviator-kniestrumpfe-kompression-brazil\\\/#primaryimage\",\"url\":\"https:\\\/\\\/www.aymaclothing.com\\\/wp-content\\\/uploads\\\/2025\\\/04\\\/Knee-High-Socks-4-1.png\",\"contentUrl\":\"https:\\\/\\\/www.aymaclothing.com\\\/wp-content\\\/uploads\\\/2025\\\/04\\\/Knee-High-Socks-4-1.png\",\"width\":1000,\"height\":1250},{\"@type\":\"BreadcrumbList\",\"@id\":\"https:\\\/\\\/www.aymaclothing.com\\\/de\\\/shop\\\/feinstrumpfhosen\\\/kompression\\\/duo-aviator-kniestrumpfe-kompression-brazil\\\/#breadcrumb\",\"itemListElement\":[{\"@type\":\"ListItem\",\"position\":1,\"name\":\"Home\",\"item\":\"https:\\\/\\\/www.aymaclothing.com\\\/de\\\/\"},{\"@type\":\"ListItem\",\"position\":2,\"name\":\"Shop\",\"item\":\"https:\\\/\\\/www.aymaclothing.com\\\/de\\\/shop\\\/\"},{\"@type\":\"ListItem\",\"position\":3,\"name\":\"Duo | Aviator Kniestr\u00fcmpfe Kompression Brazil\"}]},{\"@type\":\"WebSite\",\"@id\":\"https:\\\/\\\/www.aymaclothing.com\\\/de\\\/#website\",\"url\":\"https:\\\/\\\/www.aymaclothing.com\\\/de\\\/\",\"name\":\"AYMA Clothing\",\"description\":\"The only 2 in 1 tights worldwide\",\"publisher\":{\"@id\":\"https:\\\/\\\/www.aymaclothing.com\\\/de\\\/#organization\"},\"potentialAction\":[{\"@type\":\"SearchAction\",\"target\":{\"@type\":\"EntryPoint\",\"urlTemplate\":\"https:\\\/\\\/www.aymaclothing.com\\\/de\\\/?s={search_term_string}\"},\"query-input\":{\"@type\":\"PropertyValueSpecification\",\"valueRequired\":true,\"valueName\":\"search_term_string\"}}],\"inLanguage\":\"de\"},{\"@type\":\"Organization\",\"@id\":\"https:\\\/\\\/www.aymaclothing.com\\\/de\\\/#organization\",\"name\":\"AYMA CLOTHING\",\"url\":\"https:\\\/\\\/www.aymaclothing.com\\\/de\\\/\",\"logo\":{\"@type\":\"ImageObject\",\"inLanguage\":\"de\",\"@id\":\"https:\\\/\\\/www.aymaclothing.com\\\/de\\\/#\\\/schema\\\/logo\\\/image\\\/\",\"url\":\"https:\\\/\\\/www.aymaclothing.com\\\/wp-content\\\/uploads\\\/2021\\\/07\\\/logo-OK-2.png\",\"contentUrl\":\"https:\\\/\\\/www.aymaclothing.com\\\/wp-content\\\/uploads\\\/2021\\\/07\\\/logo-OK-2.png\",\"width\":600,\"height\":154,\"caption\":\"AYMA CLOTHING\"},\"image\":{\"@id\":\"https:\\\/\\\/www.aymaclothing.com\\\/de\\\/#\\\/schema\\\/logo\\\/image\\\/\"},\"sameAs\":[\"https:\\\/\\\/www.facebook.com\\\/p\\\/AYMA-100064049288461\\\/\",\"https:\\\/\\\/www.instagram.com\\\/aymaclothing_switzerland\\\/\"]}]}<\/script>\n<!-- \/ Yoast SEO plugin. -->","yoast_head_json":{"title":"Duo | Aviator Kniestr\u00fcmpfe Kompression Brazil - AYMA Clothing","robots":{"index":"index","follow":"follow","max-snippet":"max-snippet:-1","max-image-preview":"max-image-preview:large","max-video-preview":"max-video-preview:-1"},"canonical":"https:\/\/www.aymaclothing.com\/de\/shop\/feinstrumpfhosen\/kompression\/duo-aviator-kniestrumpfe-kompression-brazil\/","og_locale":"de_DE","og_type":"article","og_title":"Duo | Aviator Kniestr\u00fcmpfe Kompression Brazil - AYMA Clothing","og_description":"Erlebe Komfort und Stil auf neuem Niveau: Unsere Aviator Kniestr\u00fcmpfe bieten mittelstarke, stufenweise Kompression zur F\u00f6rderung der Durchblutung und zur Vorbeugung von Erm\u00fcdung \u2013 ideal f\u00fcr Reisen, lange Arbeitstage oder stundenlanges Stehen. Die integrierte Massagesohle sorgt f\u00fcr sanfte Stimulation und ganzt\u00e4giges Wohlbefinden. Mit Fokus auf Performance und zeitlose \u00c4sthetik entwickelt \u2013 f\u00fcr die Unterst\u00fctzung, die Deine Beine verdienen, und die Eleganz, die Deinen Look vollendet. Eigenschaften:","og_url":"https:\/\/www.aymaclothing.com\/de\/shop\/feinstrumpfhosen\/kompression\/duo-aviator-kniestrumpfe-kompression-brazil\/","og_site_name":"AYMA Clothing","article_publisher":"https:\/\/www.facebook.com\/p\/AYMA-100064049288461\/","article_modified_time":"2026-03-02T10:04:36+00:00","og_image":[{"width":1000,"height":1250,"url":"https:\/\/www.aymaclothing.com\/wp-content\/uploads\/2025\/04\/Knee-High-Socks-4-1.png","type":"image\/png"}],"twitter_card":"summary_large_image","twitter_misc":{"Gesch\u00e4tzte Lesezeit":"1\u00a0Minute"},"schema":{"@context":"https:\/\/schema.org","@graph":[{"@type":"WebPage","@id":"https:\/\/www.aymaclothing.com\/de\/shop\/feinstrumpfhosen\/kompression\/duo-aviator-kniestrumpfe-kompression-brazil\/","url":"https:\/\/www.aymaclothing.com\/de\/shop\/feinstrumpfhosen\/kompression\/duo-aviator-kniestrumpfe-kompression-brazil\/","name":"Duo | Aviator Kniestr\u00fcmpfe Kompression Brazil - AYMA Clothing","isPartOf":{"@id":"https:\/\/www.aymaclothing.com\/de\/#website"},"primaryImageOfPage":{"@id":"https:\/\/www.aymaclothing.com\/de\/shop\/feinstrumpfhosen\/kompression\/duo-aviator-kniestrumpfe-kompression-brazil\/#primaryimage"},"image":{"@id":"https:\/\/www.aymaclothing.com\/de\/shop\/feinstrumpfhosen\/kompression\/duo-aviator-kniestrumpfe-kompression-brazil\/#primaryimage"},"thumbnailUrl":"https:\/\/www.aymaclothing.com\/wp-content\/uploads\/2025\/04\/Knee-High-Socks-4-1.png","datePublished":"2025-04-17T08:43:45+00:00","dateModified":"2026-03-02T10:04:36+00:00","breadcrumb":{"@id":"https:\/\/www.aymaclothing.com\/de\/shop\/feinstrumpfhosen\/kompression\/duo-aviator-kniestrumpfe-kompression-brazil\/#breadcrumb"},"inLanguage":"de","potentialAction":[{"@type":"ReadAction","target":["https:\/\/www.aymaclothing.com\/de\/shop\/feinstrumpfhosen\/kompression\/duo-aviator-kniestrumpfe-kompression-brazil\/"]}]},{"@type":"ImageObject","inLanguage":"de","@id":"https:\/\/www.aymaclothing.com\/de\/shop\/feinstrumpfhosen\/kompression\/duo-aviator-kniestrumpfe-kompression-brazil\/#primaryimage","url":"https:\/\/www.aymaclothing.com\/wp-content\/uploads\/2025\/04\/Knee-High-Socks-4-1.png","contentUrl":"https:\/\/www.aymaclothing.com\/wp-content\/uploads\/2025\/04\/Knee-High-Socks-4-1.png","width":1000,"height":1250},{"@type":"BreadcrumbList","@id":"https:\/\/www.aymaclothing.com\/de\/shop\/feinstrumpfhosen\/kompression\/duo-aviator-kniestrumpfe-kompression-brazil\/#breadcrumb","itemListElement":[{"@type":"ListItem","position":1,"name":"Home","item":"https:\/\/www.aymaclothing.com\/de\/"},{"@type":"ListItem","position":2,"name":"Shop","item":"https:\/\/www.aymaclothing.com\/de\/shop\/"},{"@type":"ListItem","position":3,"name":"Duo | Aviator Kniestr\u00fcmpfe Kompression Brazil"}]},{"@type":"WebSite","@id":"https:\/\/www.aymaclothing.com\/de\/#website","url":"https:\/\/www.aymaclothing.com\/de\/","name":"AYMA Clothing","description":"The only 2 in 1 tights worldwide","publisher":{"@id":"https:\/\/www.aymaclothing.com\/de\/#organization"},"potentialAction":[{"@type":"SearchAction","target":{"@type":"EntryPoint","urlTemplate":"https:\/\/www.aymaclothing.com\/de\/?s={search_term_string}"},"query-input":{"@type":"PropertyValueSpecification","valueRequired":true,"valueName":"search_term_string"}}],"inLanguage":"de"},{"@type":"Organization","@id":"https:\/\/www.aymaclothing.com\/de\/#organization","name":"AYMA CLOTHING","url":"https:\/\/www.aymaclothing.com\/de\/","logo":{"@type":"ImageObject","inLanguage":"de","@id":"https:\/\/www.aymaclothing.com\/de\/#\/schema\/logo\/image\/","url":"https:\/\/www.aymaclothing.com\/wp-content\/uploads\/2021\/07\/logo-OK-2.png","contentUrl":"https:\/\/www.aymaclothing.com\/wp-content\/uploads\/2021\/07\/logo-OK-2.png","width":600,"height":154,"caption":"AYMA CLOTHING"},"image":{"@id":"https:\/\/www.aymaclothing.com\/de\/#\/schema\/logo\/image\/"},"sameAs":["https:\/\/www.facebook.com\/p\/AYMA-100064049288461\/","https:\/\/www.instagram.com\/aymaclothing_switzerland\/"]}]}},"_links":{"self":[{"href":"https:\/\/www.aymaclothing.com\/de\/wp-json\/wp\/v2\/product\/14388","targetHints":{"allow":["GET"]}}],"collection":[{"href":"https:\/\/www.aymaclothing.com\/de\/wp-json\/wp\/v2\/product"}],"about":[{"href":"https:\/\/www.aymaclothing.com\/de\/wp-json\/wp\/v2\/types\/product"}],"replies":[{"embeddable":true,"href":"https:\/\/www.aymaclothing.com\/de\/wp-json\/wp\/v2\/comments?post=14388"}],"wp:featuredmedia":[{"embeddable":true,"href":"https:\/\/www.aymaclothing.com\/de\/wp-json\/wp\/v2\/media\/14392"}],"wp:attachment":[{"href":"https:\/\/www.aymaclothing.com\/de\/wp-json\/wp\/v2\/media?parent=14388"}],"wp:term":[{"taxonomy":"product_brand","embeddable":true,"href":"https:\/\/www.aymaclothing.com\/de\/wp-json\/wp\/v2\/product_brand?post=14388"},{"taxonomy":"product_cat","embeddable":true,"href":"https:\/\/www.aymaclothing.com\/de\/wp-json\/wp\/v2\/product_cat?post=14388"},{"taxonomy":"product_tag","embeddable":true,"href":"https:\/\/www.aymaclothing.com\/de\/wp-json\/wp\/v2\/product_tag?post=14388"}],"curies":[{"name":"wp","href":"https:\/\/api.w.org\/{rel}","templated":true}]}}